{"id":1038,"date":"2023-12-12T15:53:37","date_gmt":"2023-12-12T18:53:37","guid":{"rendered":"https:\/\/www.sindagrirs.org.br\/site\/?page_id=1038"},"modified":"2026-03-12T11:56:26","modified_gmt":"2026-03-12T14:56:26","slug":"assessoria-juridica","status":"publish","type":"page","link":"https:\/\/www.sindagrirs.org.br\/site\/assessoria-juridica\/","title":{"rendered":"Assessoria Jur\u00eddica"},"content":{"rendered":"\t\t<div data-elementor-type=\"wp-post\" data-elementor-id=\"1038\" class=\"elementor elementor-1038\">\n\t\t\t\t\t\t<section class=\"elementor-section elementor-top-section elementor-element elementor-element-94eabb3 elementor-section-boxed elementor-section-height-default elementor-section-height-default\" data-id=\"94eabb3\" data-element_type=\"section\" data-settings=\"{&quot;jet_parallax_layout_list&quot;:[{&quot;jet_parallax_layout_image&quot;:{&quot;url&quot;:&quot;&quot;,&quot;id&quot;:&quot;&quot;,&quot;size&quot;:&quot;&quot;},&quot;_id&quot;:&quot;be6932c&quot;,&quot;jet_parallax_layout_speed&quot;:{&quot;unit&quot;:&quot;%&quot;,&quot;size&quot;:50,&quot;sizes&quot;:[]},&quot;jet_parallax_layout_image_tablet&quot;:{&quot;url&quot;:&quot;&quot;,&quot;id&quot;:&quot;&quot;,&quot;size&quot;:&quot;&quot;},&quot;jet_parallax_layout_image_mobile&quot;:{&quot;url&quot;:&quot;&quot;,&quot;id&quot;:&quot;&quot;,&quot;size&quot;:&quot;&quot;},&quot;jet_parallax_layout_type&quot;:&quot;scroll&quot;,&quot;jet_parallax_layout_direction&quot;:null,&quot;jet_parallax_layout_fx_direction&quot;:null,&quot;jet_parallax_layout_z_index&quot;:&quot;&quot;,&quot;jet_parallax_layout_bg_x&quot;:50,&quot;jet_parallax_layout_bg_x_tablet&quot;:&quot;&quot;,&quot;jet_parallax_layout_bg_x_mobile&quot;:&quot;&quot;,&quot;jet_parallax_layout_bg_y&quot;:50,&quot;jet_parallax_layout_bg_y_tablet&quot;:&quot;&quot;,&quot;jet_parallax_layout_bg_y_mobile&quot;:&quot;&quot;,&quot;jet_parallax_layout_bg_size&quot;:&quot;auto&quot;,&quot;jet_parallax_layout_bg_size_tablet&quot;:&quot;&quot;,&quot;jet_parallax_layout_bg_size_mobile&quot;:&quot;&quot;,&quot;jet_parallax_layout_animation_prop&quot;:&quot;transform&quot;,&quot;jet_parallax_layout_on&quot;:[&quot;desktop&quot;,&quot;tablet&quot;]}],&quot;background_background&quot;:&quot;classic&quot;}\">\n\t\t\t\t\t\t<div class=\"elementor-container elementor-column-gap-default\">\n\t\t\t\t\t<div class=\"elementor-column elementor-col-100 elementor-top-column elementor-element elementor-element-fce6a36\" data-id=\"fce6a36\" data-element_type=\"column\">\n\t\t\t<div class=\"elementor-widget-wrap elementor-element-populated\">\n\t\t\t\t\t\t<div class=\"elementor-element elementor-element-b42a0d0 elementor-widget elementor-widget-heading\" data-id=\"b42a0d0\" data-element_type=\"widget\" data-widget_type=\"heading.default\">\n\t\t\t\t<div class=\"elementor-widget-container\">\n\t\t\t<h1 class=\"elementor-heading-title elementor-size-default\">ASSESSORIA JUR\u00cdDICA<\/h1>\t\t<\/div>\n\t\t\t\t<\/div>\n\t\t\t\t\t<\/div>\n\t\t<\/div>\n\t\t\t\t\t<\/div>\n\t\t<\/section>\n\t\t<div class=\"elementor-element elementor-element-1f8a376 e-flex e-con-boxed e-con e-parent\" data-id=\"1f8a376\" data-element_type=\"container\" data-settings=\"{&quot;jet_parallax_layout_list&quot;:[],&quot;background_background&quot;:&quot;classic&quot;}\">\n\t\t\t\t\t<div class=\"e-con-inner\">\n\t\t<div class=\"elementor-element elementor-element-5c8a967 e-flex e-con-boxed e-con e-child\" data-id=\"5c8a967\" data-element_type=\"container\" data-settings=\"{&quot;background_background&quot;:&quot;classic&quot;,&quot;jet_parallax_layout_list&quot;:[]}\">\n\t\t\t\t\t<div class=\"e-con-inner\">\n\t\t<div class=\"elementor-element elementor-element-e0c482b e-con-full e-flex e-con e-child\" data-id=\"e0c482b\" data-element_type=\"container\" data-settings=\"{&quot;background_background&quot;:&quot;classic&quot;,&quot;jet_parallax_layout_list&quot;:[]}\">\n\t\t\t\t<div class=\"elementor-element elementor-element-cb8000e elementor-widget elementor-widget-image\" data-id=\"cb8000e\" data-element_type=\"widget\" data-widget_type=\"image.default\">\n\t\t\t\t<div class=\"elementor-widget-container\">\n\t\t\t\t\t\t\t\t\t\t\t\t\t<img fetchpriority=\"high\" decoding=\"async\" width=\"696\" height=\"202\" src=\"https:\/\/www.sindagrirs.org.br\/site\/wp-content\/uploads\/2023\/12\/logobordas.png\" class=\"attachment-full size-full wp-image-1000\" alt=\"\" srcset=\"https:\/\/www.sindagrirs.org.br\/site\/wp-content\/uploads\/2023\/12\/logobordas.png 696w, https:\/\/www.sindagrirs.org.br\/site\/wp-content\/uploads\/2023\/12\/logobordas-300x87.png 300w, https:\/\/www.sindagrirs.org.br\/site\/wp-content\/uploads\/2023\/12\/logobordas-600x174.png 600w\" sizes=\"(max-width: 696px) 100vw, 696px\" \/>\t\t\t\t\t\t\t\t\t\t\t\t\t<\/div>\n\t\t\t\t<\/div>\n\t\t\t\t<\/div>\n\t\t<div class=\"elementor-element elementor-element-dfc465e e-con-full e-flex e-con e-child\" data-id=\"dfc465e\" data-element_type=\"container\" data-settings=\"{&quot;background_background&quot;:&quot;classic&quot;,&quot;jet_parallax_layout_list&quot;:[]}\">\n\t\t\t\t<div class=\"elementor-element elementor-element-a1255f6 elementor-widget elementor-widget-text-editor\" data-id=\"a1255f6\" data-element_type=\"widget\" data-widget_type=\"text-editor.default\">\n\t\t\t\t<div class=\"elementor-widget-container\">\n\t\t\t\t\t\t\t<p>A partir de mar\u00e7o, os atendimentos de nossa assessoria jur\u00eddica \u2013 Bordas Advogados Associados \u2013 passam a ocorrer \u00e0s quartas-feiras, no turno da tarde, na sede do Sindicato, sempre mediante pr\u00e9vio agendamento.<\/p><p>Para maior comodidade, tamb\u00e9m oferecemos atendimento online, garantindo praticidade e acessibilidade. Assim, os filiados podem optar entre o formato presencial ou virtual, conforme sua prefer\u00eancia.<\/p><p><strong>Lembre-se: \u00e9 necess\u00e1rio realizar pr\u00e9vio agendamento diretamente com o Sindicato:<\/strong><br \/>Fone\/WhatsApp: (51) 3212-3463<br \/>Fone: (51) 3286-6933<br \/>Email: sindagrirs@sindagrirs.org.br<\/p>\t\t\t\t\t\t<\/div>\n\t\t\t\t<\/div>\n\t\t\t\t<\/div>\n\t\t\t\t\t<\/div>\n\t\t\t\t<\/div>\n\t\t\t\t\t<\/div>\n\t\t\t\t<\/div>\n\t\t<div class=\"elementor-element elementor-element-de520ea e-flex e-con-boxed e-con e-parent\" data-id=\"de520ea\" data-element_type=\"container\" data-settings=\"{&quot;jet_parallax_layout_list&quot;:[],&quot;background_background&quot;:&quot;classic&quot;}\">\n\t\t\t\t\t<div class=\"e-con-inner\">\n\t\t<div class=\"elementor-element elementor-element-efc04c3 e-flex e-con-boxed e-con e-child\" data-id=\"efc04c3\" data-element_type=\"container\" data-settings=\"{&quot;background_background&quot;:&quot;classic&quot;,&quot;jet_parallax_layout_list&quot;:[]}\">\n\t\t\t\t\t<div class=\"e-con-inner\">\n\t\t<div class=\"elementor-element elementor-element-73adf63 e-con-full e-flex e-con e-child\" data-id=\"73adf63\" data-element_type=\"container\" data-settings=\"{&quot;background_background&quot;:&quot;classic&quot;,&quot;jet_parallax_layout_list&quot;:[]}\">\n\t\t\t\t<div class=\"elementor-element elementor-element-26387b7 elementor-widget elementor-widget-heading\" data-id=\"26387b7\" data-element_type=\"widget\" data-widget_type=\"heading.default\">\n\t\t\t\t<div class=\"elementor-widget-container\">\n\t\t\t<h2 class=\"elementor-heading-title elementor-size-default\">Advogados<\/h2>\t\t<\/div>\n\t\t\t\t<\/div>\n\t\t\t\t<\/div>\n\t\t\t\t\t<\/div>\n\t\t\t\t<\/div>\n\t\t\t\t\t<\/div>\n\t\t\t\t<\/div>\n\t\t<div class=\"elementor-element elementor-element-585e1a7 e-flex e-con-boxed e-con e-parent\" data-id=\"585e1a7\" data-element_type=\"container\" data-settings=\"{&quot;background_background&quot;:&quot;classic&quot;,&quot;jet_parallax_layout_list&quot;:[]}\">\n\t\t\t\t\t<div class=\"e-con-inner\">\n\t\t<div class=\"elementor-element elementor-element-307d2e4 e-con-full e-flex e-con e-child\" data-id=\"307d2e4\" data-element_type=\"container\" data-settings=\"{&quot;jet_parallax_layout_list&quot;:[]}\">\n\t\t\t\t<div class=\"elementor-element elementor-element-15c14f2 elementor-widget elementor-widget-jet-team-member\" data-id=\"15c14f2\" data-element_type=\"widget\" data-widget_type=\"jet-team-member.default\">\n\t\t\t\t<div class=\"elementor-widget-container\">\n\t\t\t<div class=\"elementor-jet-team-member jet-elements\"><div class=\"jet-team-member\">\n\t<div class=\"jet-team-member__inner\">\n\t\t<div class=\"jet-team-member__image\">\n\t\t\t<div class=\"jet-team-member__cover\"><\/div>\n\t\t\t<figure class=\"jet-team-member__figure\"><img decoding=\"async\" width=\"265\" height=\"267\" src=\"https:\/\/www.sindagrirs.org.br\/site\/wp-content\/uploads\/2023\/12\/Francis-Bordas.jpg\" class=\"jet-team-member__img-tag\" alt=\"Francis-Bordas\" srcset=\"https:\/\/www.sindagrirs.org.br\/site\/wp-content\/uploads\/2023\/12\/Francis-Bordas.jpg 265w, https:\/\/www.sindagrirs.org.br\/site\/wp-content\/uploads\/2023\/12\/Francis-Bordas-150x150.jpg 150w\" sizes=\"(max-width: 265px) 100vw, 265px\" \/><\/figure>\t\t<\/div>\n\t\t<div class=\"jet-team-member__content\"><h3 class=\"jet-team-member__name\"><span class=\"jet-team-member__name-first\">Dr. Francis<\/span><span class=\"jet-team-member__name-last\"> Bordas<\/span><\/h3><div class=\"jet-team-member__socials\"><div class=\"jet-team-member__socials-item\"><a href=\"#\" aria-label=\"Instagram\"><\/a><\/div><\/div><\/div>\n\t<\/div>\n<\/div>\n<\/div>\t\t<\/div>\n\t\t\t\t<\/div>\n\t\t\t\t<\/div>\n\t\t<div class=\"elementor-element elementor-element-641f35d e-con-full e-flex e-con e-child\" data-id=\"641f35d\" data-element_type=\"container\" data-settings=\"{&quot;jet_parallax_layout_list&quot;:[]}\">\n\t\t\t\t<div class=\"elementor-element elementor-element-16da868 elementor-widget elementor-widget-jet-team-member\" data-id=\"16da868\" data-element_type=\"widget\" data-widget_type=\"jet-team-member.default\">\n\t\t\t\t<div class=\"elementor-widget-container\">\n\t\t\t<div class=\"elementor-jet-team-member jet-elements\"><div class=\"jet-team-member\">\n\t<div class=\"jet-team-member__inner\">\n\t\t<div class=\"jet-team-member__image\">\n\t\t\t<div class=\"jet-team-member__cover\"><\/div>\n\t\t\t<figure class=\"jet-team-member__figure\"><img decoding=\"async\" width=\"265\" height=\"267\" src=\"https:\/\/www.sindagrirs.org.br\/site\/wp-content\/uploads\/2023\/12\/Adriane-Kusler.jpg\" class=\"jet-team-member__img-tag\" alt=\"Adriane-Kusler\" srcset=\"https:\/\/www.sindagrirs.org.br\/site\/wp-content\/uploads\/2023\/12\/Adriane-Kusler.jpg 265w, https:\/\/www.sindagrirs.org.br\/site\/wp-content\/uploads\/2023\/12\/Adriane-Kusler-150x150.jpg 150w\" sizes=\"(max-width: 265px) 100vw, 265px\" \/><\/figure>\t\t<\/div>\n\t\t<div class=\"jet-team-member__content\"><h3 class=\"jet-team-member__name\"><span class=\"jet-team-member__name-first\">Dra. Adriane<\/span><span class=\"jet-team-member__name-last\"> Kusler<\/span><\/h3><div class=\"jet-team-member__socials\"><div class=\"jet-team-member__socials-item\"><a href=\"#\" aria-label=\"Instagram\"><\/a><\/div><\/div><\/div>\n\t<\/div>\n<\/div>\n<\/div>\t\t<\/div>\n\t\t\t\t<\/div>\n\t\t\t\t<\/div>\n\t\t<div class=\"elementor-element elementor-element-5c166f7 e-con-full e-flex e-con e-child\" data-id=\"5c166f7\" data-element_type=\"container\" data-settings=\"{&quot;jet_parallax_layout_list&quot;:[]}\">\n\t\t\t\t<div class=\"elementor-element elementor-element-5174425 elementor-widget elementor-widget-jet-team-member\" data-id=\"5174425\" data-element_type=\"widget\" data-widget_type=\"jet-team-member.default\">\n\t\t\t\t<div class=\"elementor-widget-container\">\n\t\t\t<div class=\"elementor-jet-team-member jet-elements\"><div class=\"jet-team-member\">\n\t<div class=\"jet-team-member__inner\">\n\t\t<div class=\"jet-team-member__image\">\n\t\t\t<div class=\"jet-team-member__cover\"><\/div>\n\t\t\t<figure class=\"jet-team-member__figure\"><img loading=\"lazy\" decoding=\"async\" width=\"265\" height=\"267\" src=\"https:\/\/www.sindagrirs.org.br\/site\/wp-content\/uploads\/2023\/12\/Grace-Esteves.jpg\" class=\"jet-team-member__img-tag\" alt=\"Grace-Esteves\" srcset=\"https:\/\/www.sindagrirs.org.br\/site\/wp-content\/uploads\/2023\/12\/Grace-Esteves.jpg 265w, https:\/\/www.sindagrirs.org.br\/site\/wp-content\/uploads\/2023\/12\/Grace-Esteves-150x150.jpg 150w\" sizes=\"(max-width: 265px) 100vw, 265px\" \/><\/figure>\t\t<\/div>\n\t\t<div class=\"jet-team-member__content\"><h3 class=\"jet-team-member__name\"><span class=\"jet-team-member__name-first\">Dra. Grace<\/span><span class=\"jet-team-member__name-last\"> Esteves<\/span><\/h3><div class=\"jet-team-member__socials\"><div class=\"jet-team-member__socials-item\"><a href=\"#\" aria-label=\"Instagram\"><\/a><\/div><\/div><\/div>\n\t<\/div>\n<\/div>\n<\/div>\t\t<\/div>\n\t\t\t\t<\/div>\n\t\t\t\t<\/div>\n\t\t<div class=\"elementor-element elementor-element-349e595 e-con-full e-flex e-con e-child\" data-id=\"349e595\" data-element_type=\"container\" data-settings=\"{&quot;jet_parallax_layout_list&quot;:[]}\">\n\t\t\t\t<div class=\"elementor-element elementor-element-e1c540d elementor-widget elementor-widget-jet-team-member\" data-id=\"e1c540d\" data-element_type=\"widget\" data-widget_type=\"jet-team-member.default\">\n\t\t\t\t<div class=\"elementor-widget-container\">\n\t\t\t<div class=\"elementor-jet-team-member jet-elements\"><div class=\"jet-team-member\">\n\t<div class=\"jet-team-member__inner\">\n\t\t<div class=\"jet-team-member__image\">\n\t\t\t<div class=\"jet-team-member__cover\"><\/div>\n\t\t\t<figure class=\"jet-team-member__figure\"><img loading=\"lazy\" decoding=\"async\" width=\"265\" height=\"267\" src=\"https:\/\/www.sindagrirs.org.br\/site\/wp-content\/uploads\/2023\/12\/Leticia-Kolton-Rocha.jpg\" class=\"jet-team-member__img-tag\" alt=\"Leticia-Kolton-Rocha\" srcset=\"https:\/\/www.sindagrirs.org.br\/site\/wp-content\/uploads\/2023\/12\/Leticia-Kolton-Rocha.jpg 265w, https:\/\/www.sindagrirs.org.br\/site\/wp-content\/uploads\/2023\/12\/Leticia-Kolton-Rocha-150x150.jpg 150w\" sizes=\"(max-width: 265px) 100vw, 265px\" \/><\/figure>\t\t<\/div>\n\t\t<div class=\"jet-team-member__content\"><h3 class=\"jet-team-member__name\"><span class=\"jet-team-member__name-first\">Dra. Let\u00edcia<\/span><span class=\"jet-team-member__name-last\"> Kolton Rocha<\/span><\/h3><div class=\"jet-team-member__socials\"><div class=\"jet-team-member__socials-item\"><a href=\"#\" aria-label=\"Instagram\"><\/a><\/div><\/div><\/div>\n\t<\/div>\n<\/div>\n<\/div>\t\t<\/div>\n\t\t\t\t<\/div>\n\t\t\t\t<\/div>\n\t\t<div class=\"elementor-element elementor-element-f2f83d4 e-con-full e-flex e-con e-child\" data-id=\"f2f83d4\" data-element_type=\"container\" data-settings=\"{&quot;jet_parallax_layout_list&quot;:[]}\">\n\t\t\t\t<div class=\"elementor-element elementor-element-32978fd elementor-widget elementor-widget-jet-team-member\" data-id=\"32978fd\" data-element_type=\"widget\" data-widget_type=\"jet-team-member.default\">\n\t\t\t\t<div class=\"elementor-widget-container\">\n\t\t\t<div class=\"elementor-jet-team-member jet-elements\"><div class=\"jet-team-member\">\n\t<div class=\"jet-team-member__inner\">\n\t\t<div class=\"jet-team-member__image\">\n\t\t\t<div class=\"jet-team-member__cover\"><\/div>\n\t\t\t<figure class=\"jet-team-member__figure\"><img loading=\"lazy\" decoding=\"async\" width=\"265\" height=\"267\" src=\"https:\/\/www.sindagrirs.org.br\/site\/wp-content\/uploads\/2023\/12\/Raquel-Loch.jpg\" class=\"jet-team-member__img-tag\" alt=\"Raquel-Loch\" srcset=\"https:\/\/www.sindagrirs.org.br\/site\/wp-content\/uploads\/2023\/12\/Raquel-Loch.jpg 265w, https:\/\/www.sindagrirs.org.br\/site\/wp-content\/uploads\/2023\/12\/Raquel-Loch-150x150.jpg 150w\" sizes=\"(max-width: 265px) 100vw, 265px\" \/><\/figure>\t\t<\/div>\n\t\t<div class=\"jet-team-member__content\"><h3 class=\"jet-team-member__name\"><span class=\"jet-team-member__name-first\">Dra. Raquel<\/span><span class=\"jet-team-member__name-last\"> Loch<\/span><\/h3><div class=\"jet-team-member__socials\"><div class=\"jet-team-member__socials-item\"><a href=\"#\" aria-label=\"Instagram\"><\/a><\/div><\/div><\/div>\n\t<\/div>\n<\/div>\n<\/div>\t\t<\/div>\n\t\t\t\t<\/div>\n\t\t\t\t<\/div>\n\t\t\t\t\t<\/div>\n\t\t\t\t<\/div>\n\t\t<div class=\"elementor-element elementor-element-cb24f99 e-flex e-con-boxed e-con e-parent\" data-id=\"cb24f99\" data-element_type=\"container\" data-settings=\"{&quot;background_background&quot;:&quot;classic&quot;,&quot;jet_parallax_layout_list&quot;:[]}\">\n\t\t\t\t\t<div class=\"e-con-inner\">\n\t\t<div class=\"elementor-element elementor-element-8a34d5c e-con-full e-flex e-con e-child\" data-id=\"8a34d5c\" data-element_type=\"container\" data-settings=\"{&quot;jet_parallax_layout_list&quot;:[]}\">\n\t\t\t\t<div class=\"elementor-element elementor-element-433edd4 elementor-widget elementor-widget-jet-team-member\" data-id=\"433edd4\" data-element_type=\"widget\" data-widget_type=\"jet-team-member.default\">\n\t\t\t\t<div class=\"elementor-widget-container\">\n\t\t\t<div class=\"elementor-jet-team-member jet-elements\"><div class=\"jet-team-member\">\n\t<div class=\"jet-team-member__inner\">\n\t\t<div class=\"jet-team-member__image\">\n\t\t\t<div class=\"jet-team-member__cover\"><\/div>\n\t\t\t<figure class=\"jet-team-member__figure\"><img loading=\"lazy\" decoding=\"async\" width=\"265\" height=\"267\" src=\"https:\/\/www.sindagrirs.org.br\/site\/wp-content\/uploads\/2023\/12\/Cynthia-Lisandra.jpg\" class=\"jet-team-member__img-tag\" alt=\"Cynthia-Lisandra\" srcset=\"https:\/\/www.sindagrirs.org.br\/site\/wp-content\/uploads\/2023\/12\/Cynthia-Lisandra.jpg 265w, https:\/\/www.sindagrirs.org.br\/site\/wp-content\/uploads\/2023\/12\/Cynthia-Lisandra-150x150.jpg 150w\" sizes=\"(max-width: 265px) 100vw, 265px\" \/><\/figure>\t\t<\/div>\n\t\t<div class=\"jet-team-member__content\"><h3 class=\"jet-team-member__name\"><span class=\"jet-team-member__name-first\">Dra. Cynthia<\/span><span class=\"jet-team-member__name-last\"> Lisandra<\/span><\/h3><div class=\"jet-team-member__socials\"><div class=\"jet-team-member__socials-item\"><a href=\"#\" aria-label=\"Instagram\"><\/a><\/div><\/div><\/div>\n\t<\/div>\n<\/div>\n<\/div>\t\t<\/div>\n\t\t\t\t<\/div>\n\t\t\t\t<\/div>\n\t\t<div class=\"elementor-element elementor-element-fec93ed e-con-full e-flex e-con e-child\" data-id=\"fec93ed\" data-element_type=\"container\" data-settings=\"{&quot;jet_parallax_layout_list&quot;:[]}\">\n\t\t\t\t<div class=\"elementor-element elementor-element-23c7e01 elementor-widget elementor-widget-jet-team-member\" data-id=\"23c7e01\" data-element_type=\"widget\" data-widget_type=\"jet-team-member.default\">\n\t\t\t\t<div class=\"elementor-widget-container\">\n\t\t\t<div class=\"elementor-jet-team-member jet-elements\"><div class=\"jet-team-member\">\n\t<div class=\"jet-team-member__inner\">\n\t\t<div class=\"jet-team-member__image\">\n\t\t\t<div class=\"jet-team-member__cover\"><\/div>\n\t\t\t<figure class=\"jet-team-member__figure\"><img loading=\"lazy\" decoding=\"async\" width=\"265\" height=\"267\" src=\"https:\/\/www.sindagrirs.org.br\/site\/wp-content\/uploads\/2023\/12\/Adriano-Hagemann.jpg\" class=\"jet-team-member__img-tag\" alt=\"Adriano-Hagemann\" srcset=\"https:\/\/www.sindagrirs.org.br\/site\/wp-content\/uploads\/2023\/12\/Adriano-Hagemann.jpg 265w, https:\/\/www.sindagrirs.org.br\/site\/wp-content\/uploads\/2023\/12\/Adriano-Hagemann-150x150.jpg 150w\" sizes=\"(max-width: 265px) 100vw, 265px\" \/><\/figure>\t\t<\/div>\n\t\t<div class=\"jet-team-member__content\"><h3 class=\"jet-team-member__name\"><span class=\"jet-team-member__name-first\">Dr. Adriano<\/span><span class=\"jet-team-member__name-last\"> Hagemann<\/span><\/h3><div class=\"jet-team-member__socials\"><div class=\"jet-team-member__socials-item\"><a href=\"#\" aria-label=\"Instagram\"><\/a><\/div><\/div><\/div>\n\t<\/div>\n<\/div>\n<\/div>\t\t<\/div>\n\t\t\t\t<\/div>\n\t\t\t\t<\/div>\n\t\t<div class=\"elementor-element elementor-element-acdab04 e-con-full e-flex e-con e-child\" data-id=\"acdab04\" data-element_type=\"container\" data-settings=\"{&quot;jet_parallax_layout_list&quot;:[]}\">\n\t\t\t\t<div class=\"elementor-element elementor-element-30d6377 elementor-widget elementor-widget-jet-team-member\" data-id=\"30d6377\" data-element_type=\"widget\" data-widget_type=\"jet-team-member.default\">\n\t\t\t\t<div class=\"elementor-widget-container\">\n\t\t\t<div class=\"elementor-jet-team-member jet-elements\"><div class=\"jet-team-member\">\n\t<div class=\"jet-team-member__inner\">\n\t\t<div class=\"jet-team-member__image\">\n\t\t\t<div class=\"jet-team-member__cover\"><\/div>\n\t\t\t<figure class=\"jet-team-member__figure\"><img loading=\"lazy\" decoding=\"async\" width=\"265\" height=\"267\" src=\"https:\/\/www.sindagrirs.org.br\/site\/wp-content\/uploads\/2023\/12\/Gerson-Lettres.jpg\" class=\"jet-team-member__img-tag\" alt=\"Gerson-Lettres\" srcset=\"https:\/\/www.sindagrirs.org.br\/site\/wp-content\/uploads\/2023\/12\/Gerson-Lettres.jpg 265w, https:\/\/www.sindagrirs.org.br\/site\/wp-content\/uploads\/2023\/12\/Gerson-Lettres-150x150.jpg 150w\" sizes=\"(max-width: 265px) 100vw, 265px\" \/><\/figure>\t\t<\/div>\n\t\t<div class=\"jet-team-member__content\"><h3 class=\"jet-team-member__name\"><span class=\"jet-team-member__name-first\">Dr. Gerson<\/span><span class=\"jet-team-member__name-last\"> Lettres<\/span><\/h3><div class=\"jet-team-member__socials\"><div class=\"jet-team-member__socials-item\"><a href=\"#\" aria-label=\"Instagram\"><\/a><\/div><\/div><\/div>\n\t<\/div>\n<\/div>\n<\/div>\t\t<\/div>\n\t\t\t\t<\/div>\n\t\t\t\t<\/div>\n\t\t<div class=\"elementor-element elementor-element-a4c2a01 e-con-full e-flex e-con e-child\" data-id=\"a4c2a01\" data-element_type=\"container\" data-settings=\"{&quot;jet_parallax_layout_list&quot;:[]}\">\n\t\t\t\t<div class=\"elementor-element elementor-element-91f290d elementor-widget elementor-widget-jet-team-member\" data-id=\"91f290d\" data-element_type=\"widget\" data-widget_type=\"jet-team-member.default\">\n\t\t\t\t<div class=\"elementor-widget-container\">\n\t\t\t<div class=\"elementor-jet-team-member jet-elements\"><div class=\"jet-team-member\">\n\t<div class=\"jet-team-member__inner\">\n\t\t<div class=\"jet-team-member__image\">\n\t\t\t<div class=\"jet-team-member__cover\"><\/div>\n\t\t\t<figure class=\"jet-team-member__figure\"><img loading=\"lazy\" decoding=\"async\" width=\"265\" height=\"267\" src=\"https:\/\/www.sindagrirs.org.br\/site\/wp-content\/uploads\/2023\/12\/Eduardo-Heldt-Machado.jpg\" class=\"jet-team-member__img-tag\" alt=\"Eduardo-Heldt-Machado\" srcset=\"https:\/\/www.sindagrirs.org.br\/site\/wp-content\/uploads\/2023\/12\/Eduardo-Heldt-Machado.jpg 265w, https:\/\/www.sindagrirs.org.br\/site\/wp-content\/uploads\/2023\/12\/Eduardo-Heldt-Machado-150x150.jpg 150w\" sizes=\"(max-width: 265px) 100vw, 265px\" \/><\/figure>\t\t<\/div>\n\t\t<div class=\"jet-team-member__content\"><h3 class=\"jet-team-member__name\"><span class=\"jet-team-member__name-first\">Dr. Eduardo<\/span><span class=\"jet-team-member__name-last\"> Heldt Machado<\/span><\/h3><div class=\"jet-team-member__socials\"><div class=\"jet-team-member__socials-item\"><a href=\"#\" aria-label=\"Instagram\"><\/a><\/div><\/div><\/div>\n\t<\/div>\n<\/div>\n<\/div>\t\t<\/div>\n\t\t\t\t<\/div>\n\t\t\t\t<\/div>\n\t\t<div class=\"elementor-element elementor-element-732f2a7 e-con-full e-flex e-con e-child\" data-id=\"732f2a7\" data-element_type=\"container\" data-settings=\"{&quot;jet_parallax_layout_list&quot;:[]}\">\n\t\t\t\t<\/div>\n\t\t\t\t\t<\/div>\n\t\t\t\t<\/div>\n\t\t<div class=\"elementor-element elementor-element-2f19674 e-flex e-con-boxed e-con e-parent\" data-id=\"2f19674\" data-element_type=\"container\" data-settings=\"{&quot;jet_parallax_layout_list&quot;:[],&quot;background_background&quot;:&quot;classic&quot;}\">\n\t\t\t\t\t<div class=\"e-con-inner\">\n\t\t\t\t<div class=\"elementor-element elementor-element-4c19159 elementor-widget elementor-widget-spacer\" data-id=\"4c19159\" data-element_type=\"widget\" data-widget_type=\"spacer.default\">\n\t\t\t\t<div class=\"elementor-widget-container\">\n\t\t\t\t\t<div class=\"elementor-spacer\">\n\t\t\t<div class=\"elementor-spacer-inner\"><\/div>\n\t\t<\/div>\n\t\t\t\t<\/div>\n\t\t\t\t<\/div>\n\t\t\t\t\t<\/div>\n\t\t\t\t<\/div>\n\t\t\t\t<\/div>\n\t\t","protected":false},"excerpt":{"rendered":"<p>ASSESSORIA JUR\u00cdDICA A partir de mar\u00e7o, os atendimentos de nossa assessoria jur\u00eddica \u2013 Bordas Advogados Associados \u2013 passam a ocorrer \u00e0s quartas-feiras, no turno da tarde, na sede do Sindicato, sempre mediante pr\u00e9vio agendamento. Para maior comodidade, tamb\u00e9m oferecemos atendimento online, garantindo praticidade e acessibilidade. Assim, os filiados podem optar entre o formato presencial ou [&hellip;]<\/p>\n","protected":false},"author":1,"featured_media":0,"parent":0,"menu_order":0,"comment_status":"closed","ping_status":"closed","template":"page-templates\/fullwidth-content.php","meta":{"footnotes":""},"class_list":["post-1038","page","type-page","status-publish","hentry"],"_links":{"self":[{"href":"https:\/\/www.sindagrirs.org.br\/site\/wp-json\/wp\/v2\/pages\/1038","targetHints":{"allow":["GET"]}}],"collection":[{"href":"https:\/\/www.sindagrirs.org.br\/site\/wp-json\/wp\/v2\/pages"}],"about":[{"href":"https:\/\/www.sindagrirs.org.br\/site\/wp-json\/wp\/v2\/types\/page"}],"author":[{"embeddable":true,"href":"https:\/\/www.sindagrirs.org.br\/site\/wp-json\/wp\/v2\/users\/1"}],"replies":[{"embeddable":true,"href":"https:\/\/www.sindagrirs.org.br\/site\/wp-json\/wp\/v2\/comments?post=1038"}],"version-history":[{"count":47,"href":"https:\/\/www.sindagrirs.org.br\/site\/wp-json\/wp\/v2\/pages\/1038\/revisions"}],"predecessor-version":[{"id":2507,"href":"https:\/\/www.sindagrirs.org.br\/site\/wp-json\/wp\/v2\/pages\/1038\/revisions\/2507"}],"wp:attachment":[{"href":"https:\/\/www.sindagrirs.org.br\/site\/wp-json\/wp\/v2\/media?parent=1038"}],"curies":[{"name":"wp","href":"https:\/\/api.w.org\/{rel}","templated":true}]}}